{"id":1417,"date":"2024-08-21T09:38:10","date_gmt":"2024-08-21T12:38:10","guid":{"rendered":"https:\/\/crossbordertranslation.com\/?page_id=1417"},"modified":"2024-08-21T09:40:18","modified_gmt":"2024-08-21T12:40:18","slug":"1417-2","status":"publish","type":"page","link":"https:\/\/crossbordertranslation.com\/index.php\/es\/1417-2\/","title":{"rendered":"Normas ISO"},"content":{"rendered":"\n<div style=\"height:100px\" aria-hidden=\"true\" class=\"wp-block-spacer\"><\/div>\n\n\n\n<h2 class=\"wp-block-heading has-ast-global-color-1-color has-text-color has-link-color wp-elements-5e16676d95557d5eefe61c0c372718d9\"><strong>COMPROMISO CON LA CALIDAD (ISO 17100)<\/strong><\/h2>\n\n\n\n<p>En nuestra agencia de traducci\u00f3n trabajamos duro para garantizar la excelencia y la calidad en todos los aspectos de nuestro trabajo. Nos dedicamos a garantizar que nuestros servicios de traducci\u00f3n cumplan las normas m\u00e1s estrictas de precisi\u00f3n y profesionalidad. A continuaci\u00f3n se detallan algunas de las pr\u00e1cticas que respaldan nuestro compromiso con la calidad.<\/p>\n\n\n\n<h2 class=\"wp-block-heading has-ast-global-color-1-color has-text-color has-link-color wp-elements-bfc3ec323725b84f467642f5b3c138a4\"><strong>Certificaci\u00f3n ISO 17100<\/strong><\/h2>\n\n\n\n<p>Estamos certificados en ISO 17100, una norma internacional que establece requisitos para los servicios de traducci\u00f3n, incluidos los procesos de gesti\u00f3n de calidad, la competencia del personal y la prestaci\u00f3n de servicios. Al conseguir la certificaci\u00f3n ISO 17100, demostramos nuestro firme compromiso de prestar servicios de traducci\u00f3n de alta calidad de forma sistem\u00e1tica a nuestros clientes.<\/p>\n\n\n\n<figure class=\"wp-block-image aligncenter size-full is-resized\"><img fetchpriority=\"high\" decoding=\"async\" width=\"3990\" height=\"1307\" src=\"https:\/\/crossbordertranslation.com\/wp-content\/uploads\/2024\/04\/ISO-QSL-Cert-ISO-17100-Greyscale.png\" alt=\"\" class=\"wp-image-1364\" style=\"width:375px;height:auto\"\/><\/figure>\n","protected":false},"excerpt":{"rendered":"<p>COMPROMISO CON LA CALIDAD (ISO 17100) En nuestra agencia de traducci\u00f3n trabajamos duro para garantizar la excelencia y la calidad en todos los aspectos de nuestro trabajo. Nos dedicamos a garantizar que nuestros servicios de traducci\u00f3n cumplan las normas m\u00e1s estrictas de precisi\u00f3n y profesionalidad. A continuaci\u00f3n se detallan algunas de las pr\u00e1cticas que respaldan [&hellip;]<\/p>\n","protected":false},"author":1,"featured_media":0,"parent":0,"menu_order":0,"comment_status":"closed","ping_status":"closed","template":"","meta":{"om_disable_all_campaigns":false,"site-sidebar-layout":"default","site-content-layout":"","ast-site-content-layout":"default","site-content-style":"default","site-sidebar-style":"default","ast-global-header-display":"","ast-banner-title-visibility":"","ast-main-header-display":"","ast-hfb-above-header-display":"","ast-hfb-below-header-display":"","ast-hfb-mobile-header-display":"","site-post-title":"disabled","ast-breadcrumbs-content":"","ast-featured-img":"","footer-sml-layout":"","ast-disable-related-posts":"","theme-transparent-header-meta":"","adv-header-id-meta":"","stick-header-meta":"","header-above-stick-meta":"","header-main-stick-meta":"","header-below-stick-meta":"","astra-migrate-meta-layouts":"default","ast-page-background-enabled":"default","ast-page-background-meta":{"desktop":{"background-color":"var(--ast-global-color-4)","background-image":"","background-repeat":"repeat","background-position":"center center","background-size":"auto","background-attachment":"scroll","background-type":"","background-media":"","overlay-type":"","overlay-color":"","overlay-opacity":"","overlay-gradient":""},"tablet":{"background-color":"","background-image":"","background-repeat":"repeat","background-position":"center center","background-size":"auto","background-attachment":"scroll","background-type":"","background-media":"","overlay-type":"","overlay-color":"","overlay-opacity":"","overlay-gradient":""},"mobile":{"background-color":"","background-image":"","background-repeat":"repeat","background-position":"center center","background-size":"auto","background-attachment":"scroll","background-type":"","background-media":"","overlay-type":"","overlay-color":"","overlay-opacity":"","overlay-gradient":""}},"ast-content-background-meta":{"desktop":{"background-color":"var(--ast-global-color-5)","background-image":"","background-repeat":"repeat","background-position":"center center","background-size":"auto","background-attachment":"scroll","background-type":"","background-media":"","overlay-type":"","overlay-color":"","overlay-opacity":"","overlay-gradient":""},"tablet":{"background-color":"var(--ast-global-color-5)","background-image":"","background-repeat":"repeat","background-position":"center center","background-size":"auto","background-attachment":"scroll","background-type":"","background-media":"","overlay-type":"","overlay-color":"","overlay-opacity":"","overlay-gradient":""},"mobile":{"background-color":"var(--ast-global-color-5)","background-image":"","background-repeat":"repeat","background-position":"center center","background-size":"auto","background-attachment":"scroll","background-type":"","background-media":"","overlay-type":"","overlay-color":"","overlay-opacity":"","overlay-gradient":""}},"footnotes":""},"class_list":["post-1417","page","type-page","status-publish","hentry"],"aioseo_notices":[],"_links":{"self":[{"href":"https:\/\/crossbordertranslation.com\/index.php\/wp-json\/wp\/v2\/pages\/1417","targetHints":{"allow":["GET"]}}],"collection":[{"href":"https:\/\/crossbordertranslation.com\/index.php\/wp-json\/wp\/v2\/pages"}],"about":[{"href":"https:\/\/crossbordertranslation.com\/index.php\/wp-json\/wp\/v2\/types\/page"}],"author":[{"embeddable":true,"href":"https:\/\/crossbordertranslation.com\/index.php\/wp-json\/wp\/v2\/users\/1"}],"replies":[{"embeddable":true,"href":"https:\/\/crossbordertranslation.com\/index.php\/wp-json\/wp\/v2\/comments?post=1417"}],"version-history":[{"count":2,"href":"https:\/\/crossbordertranslation.com\/index.php\/wp-json\/wp\/v2\/pages\/1417\/revisions"}],"predecessor-version":[{"id":1421,"href":"https:\/\/crossbordertranslation.com\/index.php\/wp-json\/wp\/v2\/pages\/1417\/revisions\/1421"}],"wp:attachment":[{"href":"https:\/\/crossbordertranslation.com\/index.php\/wp-json\/wp\/v2\/media?parent=1417"}],"curies":[{"name":"wp","href":"https:\/\/api.w.org\/{rel}","templated":true}]}}